{"id":1731,"date":"2025-01-27T13:24:59","date_gmt":"2025-01-27T12:24:59","guid":{"rendered":"https:\/\/omp.hr\/ueber-uns\/"},"modified":"2025-01-27T13:24:59","modified_gmt":"2025-01-27T12:24:59","slug":"ueber-uns","status":"publish","type":"page","link":"https:\/\/omp.hr\/de\/ueber-uns\/","title":{"rendered":"\u00dcber uns"},"content":{"rendered":"\t\t<div data-elementor-type=\"wp-page\" data-elementor-id=\"1731\" class=\"elementor elementor-1731 elementor-290\" data-elementor-post-type=\"page\">\n\t\t\t\t\t\t<section class=\"elementor-section elementor-top-section elementor-element elementor-element-49d284f2 elementor-reverse-mobile elementor-reverse-tablet elementor-section-boxed elementor-section-height-default elementor-section-height-default\" data-id=\"49d284f2\" data-element_type=\"section\" data-settings=\"{&quot;background_background&quot;:&quot;classic&quot;}\">\n\t\t\t\t\t\t<div class=\"elementor-container elementor-column-gap-wide\">\n\t\t\t\t\t<div class=\"elementor-column elementor-col-50 elementor-top-column elementor-element elementor-element-48f13c52\" data-id=\"48f13c52\" data-element_type=\"column\">\n\t\t\t<div class=\"elementor-widget-wrap elementor-element-populated\">\n\t\t\t\t\t\t<div class=\"elementor-element elementor-element-5c9fa81c de_scroll_animation_no elementor-widget elementor-widget-heading\" data-id=\"5c9fa81c\" data-element_type=\"widget\" data-widget_type=\"heading.default\">\n\t\t\t\t<div class=\"elementor-widget-container\">\n\t\t\t\t\t<h2 class=\"elementor-heading-title elementor-size-default\">\u00dcber uns<\/h2>\t\t\t\t<\/div>\n\t\t\t\t<\/div>\n\t\t\t\t<div class=\"elementor-element elementor-element-c07e1d3 de_scroll_animation_no elementor-widget elementor-widget-text-editor\" data-id=\"c07e1d3\" data-element_type=\"widget\" data-widget_type=\"text-editor.default\">\n\t\t\t\t<div class=\"elementor-widget-container\">\n\t\t\t\t\t\t\t\t\t<p>Die Firma OMP \u2013 Metallbearbeitung wurde 1990 gegr\u00fcndet und ist eine Fortsetzung des Familienbetriebs, den Josip und Anica Ple\u0161ko 1979 ins Leben riefen.<\/p>\n<p>Seit der Gr\u00fcndung liegt der Schwerpunkt des Unternehmens auf der pr\u00e4zisen Fertigung von Metallteilen, Werkzeugen und Vorrichtungen f\u00fcr die Bed\u00fcrfnisse der medizinischen, Automobil-, Lebensmittel- und Prozessindustrie.<\/p>\n<p>Unsere Produktion basiert auf Auftr\u00e4gen f\u00fcr Spezialprodukte, die f\u00fcr bekannte Kunden gefertigt werden. Das Sortiment umfasst mehrere tausend verschiedene, gr\u00f6\u00dftenteils nicht-standardisierte Metallprodukte, die in der chemischen, medizinischen und Prozessindustrie ben\u00f6tigt werden.<\/p>\n<p>Wir bearbeiten verschiedene Materialien, wobei vor allem rostfreier Stahl, Aluminium, Kohlenstoffstahl, Messing, Kupfer, Kunststoff sowie spezielle St\u00e4hle wie Titan, Inconel, Hastelloy und Invar dominieren.<\/p>\n\t\t\t\t\t\t\t\t<\/div>\n\t\t\t\t<\/div>\n\t\t\t\t\t<\/div>\n\t\t<\/div>\n\t\t\t\t<div class=\"elementor-column elementor-col-50 elementor-top-column elementor-element elementor-element-30a5cc89\" data-id=\"30a5cc89\" data-element_type=\"column\">\n\t\t\t<div class=\"elementor-widget-wrap elementor-element-populated\">\n\t\t\t\t\t\t<div class=\"elementor-element elementor-element-7c74bdb0 elementor-widget-tablet__width-auto de_scroll_animation_no elementor-widget elementor-widget-image\" data-id=\"7c74bdb0\" data-element_type=\"widget\" data-widget_type=\"image.default\">\n\t\t\t\t<div class=\"elementor-widget-container\">\n\t\t\t\t\t\t\t\t\t\t\t\t\t\t\t<img fetchpriority=\"high\" decoding=\"async\" width=\"800\" height=\"534\" src=\"https:\/\/omp.hr\/wp-content\/uploads\/2025\/01\/0N2A4006-1024x683.jpg\" class=\"attachment-large size-large wp-image-1491\" alt=\"\" srcset=\"https:\/\/omp.hr\/wp-content\/uploads\/2025\/01\/0N2A4006-1024x683.jpg 1024w, https:\/\/omp.hr\/wp-content\/uploads\/2025\/01\/0N2A4006-300x200.jpg 300w, https:\/\/omp.hr\/wp-content\/uploads\/2025\/01\/0N2A4006-768x512.jpg 768w, https:\/\/omp.hr\/wp-content\/uploads\/2025\/01\/0N2A4006-1536x1024.jpg 1536w, https:\/\/omp.hr\/wp-content\/uploads\/2025\/01\/0N2A4006-2048x1365.jpg 2048w\" sizes=\"(max-width: 800px) 100vw, 800px\" \/>\t\t\t\t\t\t\t\t\t\t\t\t\t\t\t<\/div>\n\t\t\t\t<\/div>\n\t\t\t\t\t<\/div>\n\t\t<\/div>\n\t\t\t\t\t<\/div>\n\t\t<\/section>\n\t\t\t\t<section class=\"elementor-section elementor-top-section elementor-element elementor-element-920ea2f elementor-section-boxed elementor-section-height-default elementor-section-height-default\" data-id=\"920ea2f\" data-element_type=\"section\" data-settings=\"{&quot;background_background&quot;:&quot;classic&quot;}\">\n\t\t\t\t\t\t<div class=\"elementor-container elementor-column-gap-wider\">\n\t\t\t\t\t<div class=\"elementor-column elementor-col-100 elementor-top-column elementor-element elementor-element-3a03490e\" data-id=\"3a03490e\" data-element_type=\"column\">\n\t\t\t<div class=\"elementor-widget-wrap elementor-element-populated\">\n\t\t\t\t\t\t<section class=\"elementor-section elementor-inner-section elementor-element elementor-element-98bb2ce elementor-section-boxed elementor-section-height-default elementor-section-height-default\" data-id=\"98bb2ce\" data-element_type=\"section\">\n\t\t\t\t\t\t<div class=\"elementor-container elementor-column-gap-default\">\n\t\t\t\t\t<div class=\"elementor-column elementor-col-33 elementor-inner-column elementor-element elementor-element-61f4cd6a\" data-id=\"61f4cd6a\" data-element_type=\"column\">\n\t\t\t<div class=\"elementor-widget-wrap elementor-element-populated\">\n\t\t\t\t\t\t<div class=\"elementor-element elementor-element-680fb05a elementor-widget__width-inherit elementor-widget-mobile__width-inherit elementor-widget-tablet__width-inherit de_scroll_animation_no elementor-widget elementor-widget-image\" data-id=\"680fb05a\" data-element_type=\"widget\" data-widget_type=\"image.default\">\n\t\t\t\t<div class=\"elementor-widget-container\">\n\t\t\t\t\t\t\t\t\t\t\t\t\t\t\t<img decoding=\"async\" src=\"https:\/\/omp.hr\/wp-content\/uploads\/elementor\/thumbs\/omp_12-r1412qvnxafxi1c12ur1d3dcy9qacng3rkei4xrcps.jpg\" title=\"omp_12\" alt=\"omp_12\" loading=\"lazy\" \/>\t\t\t\t\t\t\t\t\t\t\t\t\t\t\t<\/div>\n\t\t\t\t<\/div>\n\t\t\t\t<div class=\"elementor-element elementor-element-ec7cce elementor-widget__width-initial elementor-absolute elementor-hidden-tablet elementor-hidden-phone de_scroll_animation_no elementor-widget elementor-widget-image\" data-id=\"ec7cce\" data-element_type=\"widget\" data-settings=\"{&quot;_position&quot;:&quot;absolute&quot;}\" data-widget_type=\"image.default\">\n\t\t\t\t<div class=\"elementor-widget-container\">\n\t\t\t\t\t\t\t\t\t\t\t\t\t\t\t<img decoding=\"async\" width=\"768\" height=\"512\" src=\"https:\/\/omp.hr\/wp-content\/uploads\/2021\/04\/omp_13-768x512.jpg\" class=\"attachment-medium_large size-medium_large wp-image-1281\" alt=\"\" srcset=\"https:\/\/omp.hr\/wp-content\/uploads\/2021\/04\/omp_13-768x512.jpg 768w, https:\/\/omp.hr\/wp-content\/uploads\/2021\/04\/omp_13-300x200.jpg 300w, https:\/\/omp.hr\/wp-content\/uploads\/2021\/04\/omp_13-1024x683.jpg 1024w, https:\/\/omp.hr\/wp-content\/uploads\/2021\/04\/omp_13-1536x1024.jpg 1536w, https:\/\/omp.hr\/wp-content\/uploads\/2021\/04\/omp_13.jpg 1920w\" sizes=\"(max-width: 768px) 100vw, 768px\" \/>\t\t\t\t\t\t\t\t\t\t\t\t\t\t\t<\/div>\n\t\t\t\t<\/div>\n\t\t\t\t\t<\/div>\n\t\t<\/div>\n\t\t\t\t<div class=\"elementor-column elementor-col-33 elementor-inner-column elementor-element elementor-element-40007055 elementor-hidden-phone elementor-hidden-tablet\" data-id=\"40007055\" data-element_type=\"column\">\n\t\t\t<div class=\"elementor-widget-wrap\">\n\t\t\t\t\t\t\t<\/div>\n\t\t<\/div>\n\t\t\t\t<div class=\"elementor-column elementor-col-33 elementor-inner-column elementor-element elementor-element-3dde7015\" data-id=\"3dde7015\" data-element_type=\"column\">\n\t\t\t<div class=\"elementor-widget-wrap elementor-element-populated\">\n\t\t\t\t\t\t<div class=\"elementor-element elementor-element-759759a de_scroll_animation_no elementor-widget elementor-widget-text-editor\" data-id=\"759759a\" data-element_type=\"widget\" data-widget_type=\"text-editor.default\">\n\t\t\t\t<div class=\"elementor-widget-container\">\n\t\t\t\t\t\t\t\t\t<p>Unsere Kunden kommen \u00fcberwiegend aus den L\u00e4ndern der Europ\u00e4ischen Union, w\u00e4hrend ein kleinerer Teil der Produktion f\u00fcr den heimischen Markt bestimmt ist.<\/p>\n<p>Im Laufe der Jahre hat sich die Firma OMP \u2013 Metallbearbeitung zunehmend der Herstellung anspruchsvoller und komplexer Produkte zugewandt, was einen hohen Einsatz von fachlich qualifizierten Mitarbeitern und hochwertigen, technisch fortschrittlichen Maschinen erfordert.<\/p>\n<p>Die Firma OMP \u2013 Metallbearbeitung unternimmt erhebliche Anstrengungen, den technologischen Fortschritt durch kontinuierliche Erweiterung und Modernisierung zu verfolgen, mit dem Ziel, ein in Europa bekanntes Unternehmen f\u00fcr die Herstellung von hochwertigen, Kleinserienbauteilen und Produkten in der Metallindustrie zu werden.<\/p>\n\t\t\t\t\t\t\t\t<\/div>\n\t\t\t\t<\/div>\n\t\t\t\t\t<\/div>\n\t\t<\/div>\n\t\t\t\t\t<\/div>\n\t\t<\/section>\n\t\t\t\t\t<\/div>\n\t\t<\/div>\n\t\t\t\t\t<\/div>\n\t\t<\/section>\n\t\t\t\t<\/div>\n\t\t","protected":false},"excerpt":{"rendered":"<p>\u00dcber uns Die Firma OMP \u2013 Metallbearbeitung wurde 1990 gegr\u00fcndet und ist eine Fortsetzung des Familienbetriebs, den Josip und Anica Ple\u0161ko 1979 ins Leben riefen. Seit der Gr\u00fcndung liegt der Schwerpunkt des Unternehmens auf der pr\u00e4zisen Fertigung von Metallteilen, Werkzeugen und Vorrichtungen f\u00fcr die Bed\u00fcrfnisse der medizinischen, Automobil-, Lebensmittel- und Prozessindustrie. Unsere Produktion basiert auf [&hellip;]<\/p>\n","protected":false},"author":1,"featured_media":0,"parent":0,"menu_order":0,"comment_status":"closed","ping_status":"closed","template":"elementor_header_footer","meta":{"footnotes":""},"class_list":["post-1731","page","type-page","status-publish","hentry"],"yoast_head":"<!-- This site is optimized with the Yoast SEO plugin v24.7 - https:\/\/yoast.com\/wordpress\/plugins\/seo\/ -->\n<title>\u00dcber uns - OMP - Obrada Metala Ple\u0161ko<\/title>\n<meta name=\"robots\" content=\"index, follow, max-snippet:-1, max-image-preview:large, max-video-preview:-1\" \/>\n<link rel=\"canonical\" href=\"https:\/\/omp.hr\/de\/ueber-uns\/\" \/>\n<meta property=\"og:locale\" content=\"de_DE\" \/>\n<meta property=\"og:type\" content=\"article\" \/>\n<meta property=\"og:title\" content=\"\u00dcber uns - OMP - Obrada Metala Ple\u0161ko\" \/>\n<meta property=\"og:description\" content=\"\u00dcber uns Die Firma OMP \u2013 Metallbearbeitung wurde 1990 gegr\u00fcndet und ist eine Fortsetzung des Familienbetriebs, den Josip und Anica Ple\u0161ko 1979 ins Leben riefen. Seit der Gr\u00fcndung liegt der Schwerpunkt des Unternehmens auf der pr\u00e4zisen Fertigung von Metallteilen, Werkzeugen und Vorrichtungen f\u00fcr die Bed\u00fcrfnisse der medizinischen, Automobil-, Lebensmittel- und Prozessindustrie. Unsere Produktion basiert auf [&hellip;]\" \/>\n<meta property=\"og:url\" content=\"https:\/\/omp.hr\/de\/ueber-uns\/\" \/>\n<meta property=\"og:site_name\" content=\"OMP - Obrada Metala Ple\u0161ko\" \/>\n<meta property=\"og:image\" content=\"https:\/\/omp.hr\/wp-content\/uploads\/2025\/01\/0N2A4006-1024x683.jpg\" \/>\n<meta name=\"twitter:card\" content=\"summary_large_image\" \/>\n<meta name=\"twitter:label1\" content=\"Gesch\u00e4tzte Lesezeit\" \/>\n\t<meta name=\"twitter:data1\" content=\"1\u00a0Minute\" \/>\n<script type=\"application\/ld+json\" class=\"yoast-schema-graph\">{\"@context\":\"https:\/\/schema.org\",\"@graph\":[{\"@type\":\"WebPage\",\"@id\":\"https:\/\/omp.hr\/de\/ueber-uns\/\",\"url\":\"https:\/\/omp.hr\/de\/ueber-uns\/\",\"name\":\"\u00dcber uns - OMP - Obrada Metala Ple\u0161ko\",\"isPartOf\":{\"@id\":\"https:\/\/omp.hr\/#website\"},\"primaryImageOfPage\":{\"@id\":\"https:\/\/omp.hr\/de\/ueber-uns\/#primaryimage\"},\"image\":{\"@id\":\"https:\/\/omp.hr\/de\/ueber-uns\/#primaryimage\"},\"thumbnailUrl\":\"https:\/\/omp.hr\/wp-content\/uploads\/2025\/01\/0N2A4006-1024x683.jpg\",\"datePublished\":\"2025-01-27T12:24:59+00:00\",\"breadcrumb\":{\"@id\":\"https:\/\/omp.hr\/de\/ueber-uns\/#breadcrumb\"},\"inLanguage\":\"de\",\"potentialAction\":[{\"@type\":\"ReadAction\",\"target\":[\"https:\/\/omp.hr\/de\/ueber-uns\/\"]}]},{\"@type\":\"ImageObject\",\"inLanguage\":\"de\",\"@id\":\"https:\/\/omp.hr\/de\/ueber-uns\/#primaryimage\",\"url\":\"https:\/\/omp.hr\/wp-content\/uploads\/2025\/01\/0N2A4006-1024x683.jpg\",\"contentUrl\":\"https:\/\/omp.hr\/wp-content\/uploads\/2025\/01\/0N2A4006-1024x683.jpg\"},{\"@type\":\"BreadcrumbList\",\"@id\":\"https:\/\/omp.hr\/de\/ueber-uns\/#breadcrumb\",\"itemListElement\":[{\"@type\":\"ListItem\",\"position\":1,\"name\":\"Po\u010detna stranica\",\"item\":\"https:\/\/omp.hr\/de\/\"},{\"@type\":\"ListItem\",\"position\":2,\"name\":\"\u00dcber uns\"}]},{\"@type\":\"WebSite\",\"@id\":\"https:\/\/omp.hr\/#website\",\"url\":\"https:\/\/omp.hr\/\",\"name\":\"OMP - Obrada Metala Ple\u0161ko\",\"description\":\"\",\"publisher\":{\"@id\":\"https:\/\/omp.hr\/#organization\"},\"potentialAction\":[{\"@type\":\"SearchAction\",\"target\":{\"@type\":\"EntryPoint\",\"urlTemplate\":\"https:\/\/omp.hr\/?s={search_term_string}\"},\"query-input\":{\"@type\":\"PropertyValueSpecification\",\"valueRequired\":true,\"valueName\":\"search_term_string\"}}],\"inLanguage\":\"de\"},{\"@type\":\"Organization\",\"@id\":\"https:\/\/omp.hr\/#organization\",\"name\":\"OMP - Obrada Metala Ple\u0161ko\",\"url\":\"https:\/\/omp.hr\/\",\"logo\":{\"@type\":\"ImageObject\",\"inLanguage\":\"de\",\"@id\":\"https:\/\/omp.hr\/#\/schema\/logo\/image\/\",\"url\":\"https:\/\/omp.hr\/wp-content\/uploads\/2021\/04\/omp_logo-svg.png\",\"contentUrl\":\"https:\/\/omp.hr\/wp-content\/uploads\/2021\/04\/omp_logo-svg.png\",\"width\":241,\"height\":115,\"caption\":\"OMP - Obrada Metala Ple\u0161ko\"},\"image\":{\"@id\":\"https:\/\/omp.hr\/#\/schema\/logo\/image\/\"}}]}<\/script>\n<!-- \/ Yoast SEO plugin. -->","yoast_head_json":{"title":"\u00dcber uns - OMP - Obrada Metala Ple\u0161ko","robots":{"index":"index","follow":"follow","max-snippet":"max-snippet:-1","max-image-preview":"max-image-preview:large","max-video-preview":"max-video-preview:-1"},"canonical":"https:\/\/omp.hr\/de\/ueber-uns\/","og_locale":"de_DE","og_type":"article","og_title":"\u00dcber uns - OMP - Obrada Metala Ple\u0161ko","og_description":"\u00dcber uns Die Firma OMP \u2013 Metallbearbeitung wurde 1990 gegr\u00fcndet und ist eine Fortsetzung des Familienbetriebs, den Josip und Anica Ple\u0161ko 1979 ins Leben riefen. Seit der Gr\u00fcndung liegt der Schwerpunkt des Unternehmens auf der pr\u00e4zisen Fertigung von Metallteilen, Werkzeugen und Vorrichtungen f\u00fcr die Bed\u00fcrfnisse der medizinischen, Automobil-, Lebensmittel- und Prozessindustrie. Unsere Produktion basiert auf [&hellip;]","og_url":"https:\/\/omp.hr\/de\/ueber-uns\/","og_site_name":"OMP - Obrada Metala Ple\u0161ko","og_image":[{"url":"https:\/\/omp.hr\/wp-content\/uploads\/2025\/01\/0N2A4006-1024x683.jpg","type":"","width":"","height":""}],"twitter_card":"summary_large_image","twitter_misc":{"Gesch\u00e4tzte Lesezeit":"1\u00a0Minute"},"schema":{"@context":"https:\/\/schema.org","@graph":[{"@type":"WebPage","@id":"https:\/\/omp.hr\/de\/ueber-uns\/","url":"https:\/\/omp.hr\/de\/ueber-uns\/","name":"\u00dcber uns - OMP - Obrada Metala Ple\u0161ko","isPartOf":{"@id":"https:\/\/omp.hr\/#website"},"primaryImageOfPage":{"@id":"https:\/\/omp.hr\/de\/ueber-uns\/#primaryimage"},"image":{"@id":"https:\/\/omp.hr\/de\/ueber-uns\/#primaryimage"},"thumbnailUrl":"https:\/\/omp.hr\/wp-content\/uploads\/2025\/01\/0N2A4006-1024x683.jpg","datePublished":"2025-01-27T12:24:59+00:00","breadcrumb":{"@id":"https:\/\/omp.hr\/de\/ueber-uns\/#breadcrumb"},"inLanguage":"de","potentialAction":[{"@type":"ReadAction","target":["https:\/\/omp.hr\/de\/ueber-uns\/"]}]},{"@type":"ImageObject","inLanguage":"de","@id":"https:\/\/omp.hr\/de\/ueber-uns\/#primaryimage","url":"https:\/\/omp.hr\/wp-content\/uploads\/2025\/01\/0N2A4006-1024x683.jpg","contentUrl":"https:\/\/omp.hr\/wp-content\/uploads\/2025\/01\/0N2A4006-1024x683.jpg"},{"@type":"BreadcrumbList","@id":"https:\/\/omp.hr\/de\/ueber-uns\/#breadcrumb","itemListElement":[{"@type":"ListItem","position":1,"name":"Po\u010detna stranica","item":"https:\/\/omp.hr\/de\/"},{"@type":"ListItem","position":2,"name":"\u00dcber uns"}]},{"@type":"WebSite","@id":"https:\/\/omp.hr\/#website","url":"https:\/\/omp.hr\/","name":"OMP - Obrada Metala Ple\u0161ko","description":"","publisher":{"@id":"https:\/\/omp.hr\/#organization"},"potentialAction":[{"@type":"SearchAction","target":{"@type":"EntryPoint","urlTemplate":"https:\/\/omp.hr\/?s={search_term_string}"},"query-input":{"@type":"PropertyValueSpecification","valueRequired":true,"valueName":"search_term_string"}}],"inLanguage":"de"},{"@type":"Organization","@id":"https:\/\/omp.hr\/#organization","name":"OMP - Obrada Metala Ple\u0161ko","url":"https:\/\/omp.hr\/","logo":{"@type":"ImageObject","inLanguage":"de","@id":"https:\/\/omp.hr\/#\/schema\/logo\/image\/","url":"https:\/\/omp.hr\/wp-content\/uploads\/2021\/04\/omp_logo-svg.png","contentUrl":"https:\/\/omp.hr\/wp-content\/uploads\/2021\/04\/omp_logo-svg.png","width":241,"height":115,"caption":"OMP - Obrada Metala Ple\u0161ko"},"image":{"@id":"https:\/\/omp.hr\/#\/schema\/logo\/image\/"}}]}},"jetpack_sharing_enabled":true,"_links":{"self":[{"href":"https:\/\/omp.hr\/de\/wp-json\/wp\/v2\/pages\/1731","targetHints":{"allow":["GET"]}}],"collection":[{"href":"https:\/\/omp.hr\/de\/wp-json\/wp\/v2\/pages"}],"about":[{"href":"https:\/\/omp.hr\/de\/wp-json\/wp\/v2\/types\/page"}],"author":[{"embeddable":true,"href":"https:\/\/omp.hr\/de\/wp-json\/wp\/v2\/users\/1"}],"replies":[{"embeddable":true,"href":"https:\/\/omp.hr\/de\/wp-json\/wp\/v2\/comments?post=1731"}],"version-history":[{"count":1,"href":"https:\/\/omp.hr\/de\/wp-json\/wp\/v2\/pages\/1731\/revisions"}],"predecessor-version":[{"id":1732,"href":"https:\/\/omp.hr\/de\/wp-json\/wp\/v2\/pages\/1731\/revisions\/1732"}],"wp:attachment":[{"href":"https:\/\/omp.hr\/de\/wp-json\/wp\/v2\/media?parent=1731"}],"curies":[{"name":"wp","href":"https:\/\/api.w.org\/{rel}","templated":true}]}}