{"id":1797,"date":"2025-01-27T14:39:40","date_gmt":"2025-01-27T13:39:40","guid":{"rendered":"https:\/\/omp.hr\/?page_id=1797"},"modified":"2025-01-27T14:40:59","modified_gmt":"2025-01-27T13:40:59","slug":"produktion","status":"publish","type":"page","link":"https:\/\/omp.hr\/de\/produktion\/","title":{"rendered":"Produktion"},"content":{"rendered":"\t\t<div data-elementor-type=\"wp-page\" data-elementor-id=\"1797\" class=\"elementor elementor-1797 elementor-287\" data-elementor-post-type=\"page\">\n\t\t\t\t\t\t<section class=\"elementor-section elementor-top-section elementor-element elementor-element-36081a94 elementor-section-boxed elementor-section-height-default elementor-section-height-default\" data-id=\"36081a94\" data-element_type=\"section\">\n\t\t\t\t\t\t<div class=\"elementor-container elementor-column-gap-no\">\n\t\t\t\t\t<div class=\"elementor-column elementor-col-50 elementor-top-column elementor-element elementor-element-58527e42\" data-id=\"58527e42\" data-element_type=\"column\">\n\t\t\t<div class=\"elementor-widget-wrap elementor-element-populated\">\n\t\t\t\t\t\t<div class=\"elementor-element elementor-element-6aef6ae de_scroll_animation_no elementor-widget elementor-widget-image\" data-id=\"6aef6ae\" data-element_type=\"widget\" data-widget_type=\"image.default\">\n\t\t\t\t<div class=\"elementor-widget-container\">\n\t\t\t\t\t\t\t\t\t\t\t\t\t\t\t<img fetchpriority=\"high\" decoding=\"async\" width=\"800\" height=\"457\" src=\"https:\/\/omp.hr\/wp-content\/uploads\/2025\/01\/DJI_0606-1024x585.jpg\" class=\"attachment-large size-large wp-image-1497\" alt=\"\" srcset=\"https:\/\/omp.hr\/wp-content\/uploads\/2025\/01\/DJI_0606-1024x585.jpg 1024w, https:\/\/omp.hr\/wp-content\/uploads\/2025\/01\/DJI_0606-300x171.jpg 300w, https:\/\/omp.hr\/wp-content\/uploads\/2025\/01\/DJI_0606-768x439.jpg 768w, https:\/\/omp.hr\/wp-content\/uploads\/2025\/01\/DJI_0606-1536x878.jpg 1536w, https:\/\/omp.hr\/wp-content\/uploads\/2025\/01\/DJI_0606-2048x1170.jpg 2048w\" sizes=\"(max-width: 800px) 100vw, 800px\" \/>\t\t\t\t\t\t\t\t\t\t\t\t\t\t\t<\/div>\n\t\t\t\t<\/div>\n\t\t\t\t\t<\/div>\n\t\t<\/div>\n\t\t\t\t<div class=\"elementor-column elementor-col-50 elementor-top-column elementor-element elementor-element-15f868c\" data-id=\"15f868c\" data-element_type=\"column\">\n\t\t\t<div class=\"elementor-widget-wrap elementor-element-populated\">\n\t\t\t\t\t\t<section class=\"elementor-section elementor-inner-section elementor-element elementor-element-71d8f37a elementor-reverse-mobile elementor-section-boxed elementor-section-height-default elementor-section-height-default\" data-id=\"71d8f37a\" data-element_type=\"section\" data-settings=\"{&quot;background_background&quot;:&quot;classic&quot;}\">\n\t\t\t\t\t\t<div class=\"elementor-container elementor-column-gap-wider\">\n\t\t\t\t\t<div class=\"elementor-column elementor-col-100 elementor-inner-column elementor-element elementor-element-168b4cd0\" data-id=\"168b4cd0\" data-element_type=\"column\">\n\t\t\t<div class=\"elementor-widget-wrap elementor-element-populated\">\n\t\t\t\t\t\t<div class=\"elementor-element elementor-element-b13a140 de_scroll_animation_no elementor-widget elementor-widget-heading\" data-id=\"b13a140\" data-element_type=\"widget\" data-widget_type=\"heading.default\">\n\t\t\t\t<div class=\"elementor-widget-container\">\n\t\t\t\t\t<h2 class=\"elementor-heading-title elementor-size-default\">Produktion<\/h2>\t\t\t\t<\/div>\n\t\t\t\t<\/div>\n\t\t\t\t<div class=\"elementor-element elementor-element-e95a838 de_scroll_animation_no elementor-widget elementor-widget-text-editor\" data-id=\"e95a838\" data-element_type=\"widget\" data-widget_type=\"text-editor.default\">\n\t\t\t\t<div class=\"elementor-widget-container\">\n\t\t\t\t\t\t\t\t\t<p>Unsere Produktion basiert auf Auftr\u00e4gen f\u00fcr spezielle Produkte, die f\u00fcr bekannte Kunden angefertigt werden. Das Sortiment umfasst mehrere Tausend verschiedene, meist nicht standardisierte Metallprodukte, die f\u00fcr die chemische, medizinische und Prozessindustrie erforderlich sind.<\/p><p>Wir bearbeiten verschiedene Materialarten, wobei \u00fcberwiegend rostfreier Stahl, Aluminium, Kohlenstoffstahl, Messing, Kupfer, Kunststoff sowie spezielle St\u00e4hle wie Titan, Inconel, Hastelloy und Invar vorherrschen.<\/p>\t\t\t\t\t\t\t\t<\/div>\n\t\t\t\t<\/div>\n\t\t\t\t<div class=\"elementor-element elementor-element-28348beb elementor-mobile-align-left de_scroll_animation_no elementor-widget elementor-widget-button\" data-id=\"28348beb\" data-element_type=\"widget\" data-widget_type=\"button.default\">\n\t\t\t\t<div class=\"elementor-widget-container\">\n\t\t\t\t\t\t\t\t\t<div class=\"elementor-button-wrapper\">\n\t\t\t\t\t<a class=\"elementor-button elementor-button-link elementor-size-lg\" href=\"https:\/\/omp.hr\/de\/kontakt\/\">\n\t\t\t\t\t\t<span class=\"elementor-button-content-wrapper\">\n\t\t\t\t\t\t<span class=\"elementor-button-icon\">\n\t\t\t\t<i aria-hidden=\"true\" class=\"icon dticon-arrow-forward-outline\"><\/i>\t\t\t<\/span>\n\t\t\t\t\t\t\t\t\t<span class=\"elementor-button-text\">Kontaktieren Sie uns<\/span>\n\t\t\t\t\t<\/span>\n\t\t\t\t\t<\/a>\n\t\t\t\t<\/div>\n\t\t\t\t\t\t\t\t<\/div>\n\t\t\t\t<\/div>\n\t\t\t\t\t<\/div>\n\t\t<\/div>\n\t\t\t\t\t<\/div>\n\t\t<\/section>\n\t\t\t\t\t<\/div>\n\t\t<\/div>\n\t\t\t\t\t<\/div>\n\t\t<\/section>\n\t\t\t\t<section class=\"elementor-section elementor-top-section elementor-element elementor-element-24bdb3cb elementor-section-content-middle elementor-reverse-mobile elementor-section-boxed elementor-section-height-default elementor-section-height-default\" data-id=\"24bdb3cb\" data-element_type=\"section\">\n\t\t\t\t\t\t<div class=\"elementor-container elementor-column-gap-wide\">\n\t\t\t\t\t<div class=\"elementor-column elementor-col-50 elementor-top-column elementor-element elementor-element-2fc2cd58\" data-id=\"2fc2cd58\" data-element_type=\"column\" data-settings=\"{&quot;background_background&quot;:&quot;classic&quot;}\">\n\t\t\t<div class=\"elementor-widget-wrap elementor-element-populated\">\n\t\t\t\t\t\t<div class=\"elementor-element elementor-element-5b226678 de_scroll_animation_no elementor-widget elementor-widget-heading\" data-id=\"5b226678\" data-element_type=\"widget\" data-widget_type=\"heading.default\">\n\t\t\t\t<div class=\"elementor-widget-container\">\n\t\t\t\t\t<h2 class=\"elementor-heading-title elementor-size-default\">Unsere Werte<\/h2>\t\t\t\t<\/div>\n\t\t\t\t<\/div>\n\t\t\t\t<div class=\"elementor-element elementor-element-1c96ac4 de_scroll_animation_no elementor-widget elementor-widget-text-editor\" data-id=\"1c96ac4\" data-element_type=\"widget\" data-widget_type=\"text-editor.default\">\n\t\t\t\t<div class=\"elementor-widget-container\">\n\t\t\t\t\t\t\t\t\t<p>Das Gesch\u00e4ft von OMP zeichnet sich durch die Pr\u00e4senz auf dem anspruchsvollen internationalen Markt aus, der das Engagement aller Mitarbeiter erfordert, um Produkte zu schaffen, die von Anfang an die Anforderungen der Kunden erf\u00fcllen und das beste Verh\u00e4ltnis von investierter Arbeit und Qualit\u00e4t aufweisen.<\/p><p>Dies erreichen wir durch Kundenorientierung, Wertsch\u00e4tzung der Mitarbeiter auf allen Ebenen, die Verwirklichung von Qualit\u00e4tszielen, kontinuierliche Verbesserung der Gesch\u00e4ftsprozesse sowie die \u00dcbereinstimmung mit den besten Produktionspraktiken und internationalen Normen.<\/p>\t\t\t\t\t\t\t\t<\/div>\n\t\t\t\t<\/div>\n\t\t\t\t\t<\/div>\n\t\t<\/div>\n\t\t\t\t<div class=\"elementor-column elementor-col-50 elementor-top-column elementor-element elementor-element-366df469\" data-id=\"366df469\" data-element_type=\"column\" data-settings=\"{&quot;background_motion_fx_mouseTrack_effect&quot;:&quot;yes&quot;,&quot;background_motion_fx_mouseTrack_speed&quot;:{&quot;unit&quot;:&quot;px&quot;,&quot;size&quot;:&quot;&quot;,&quot;sizes&quot;:[]}}\">\n\t\t\t<div class=\"elementor-widget-wrap elementor-element-populated\">\n\t\t\t\t\t\t<div class=\"elementor-element elementor-element-68159c1 de_scroll_animation_no elementor-widget elementor-widget-image\" data-id=\"68159c1\" data-element_type=\"widget\" data-widget_type=\"image.default\">\n\t\t\t\t<div class=\"elementor-widget-container\">\n\t\t\t\t\t\t\t\t\t\t\t\t\t\t\t<img decoding=\"async\" width=\"800\" height=\"534\" src=\"https:\/\/omp.hr\/wp-content\/uploads\/2025\/01\/Hala-1024x683.jpg\" class=\"attachment-large size-large wp-image-1686\" alt=\"\" srcset=\"https:\/\/omp.hr\/wp-content\/uploads\/2025\/01\/Hala-1024x683.jpg 1024w, https:\/\/omp.hr\/wp-content\/uploads\/2025\/01\/Hala-300x200.jpg 300w, https:\/\/omp.hr\/wp-content\/uploads\/2025\/01\/Hala-768x512.jpg 768w, https:\/\/omp.hr\/wp-content\/uploads\/2025\/01\/Hala-1536x1024.jpg 1536w, https:\/\/omp.hr\/wp-content\/uploads\/2025\/01\/Hala-2048x1365.jpg 2048w\" sizes=\"(max-width: 800px) 100vw, 800px\" \/>\t\t\t\t\t\t\t\t\t\t\t\t\t\t\t<\/div>\n\t\t\t\t<\/div>\n\t\t\t\t<div class=\"elementor-element elementor-element-25dc9fd elementor-widget__width-initial elementor-absolute elementor-hidden-mobile de_scroll_animation_no elementor-widget elementor-widget-image\" data-id=\"25dc9fd\" data-element_type=\"widget\" data-settings=\"{&quot;_position&quot;:&quot;absolute&quot;}\" data-widget_type=\"image.default\">\n\t\t\t\t<div class=\"elementor-widget-container\">\n\t\t\t\t\t\t\t\t\t\t\t\t\t\t\t<img decoding=\"async\" width=\"800\" height=\"811\" src=\"https:\/\/omp.hr\/wp-content\/uploads\/2025\/01\/Proizvodnja-1010x1024.jpg\" class=\"attachment-large size-large wp-image-1683\" alt=\"\" srcset=\"https:\/\/omp.hr\/wp-content\/uploads\/2025\/01\/Proizvodnja-1010x1024.jpg 1010w, https:\/\/omp.hr\/wp-content\/uploads\/2025\/01\/Proizvodnja-296x300.jpg 296w, https:\/\/omp.hr\/wp-content\/uploads\/2025\/01\/Proizvodnja-768x779.jpg 768w, https:\/\/omp.hr\/wp-content\/uploads\/2025\/01\/Proizvodnja-1515x1536.jpg 1515w, https:\/\/omp.hr\/wp-content\/uploads\/2025\/01\/Proizvodnja-2020x2048.jpg 2020w\" sizes=\"(max-width: 800px) 100vw, 800px\" \/>\t\t\t\t\t\t\t\t\t\t\t\t\t\t\t<\/div>\n\t\t\t\t<\/div>\n\t\t\t\t\t<\/div>\n\t\t<\/div>\n\t\t\t\t\t<\/div>\n\t\t<\/section>\n\t\t\t\t<\/div>\n\t\t","protected":false},"excerpt":{"rendered":"<p>Produktion Unsere Produktion basiert auf Auftr\u00e4gen f\u00fcr spezielle Produkte, die f\u00fcr bekannte Kunden angefertigt werden. Das Sortiment umfasst mehrere Tausend verschiedene, meist nicht standardisierte Metallprodukte, die f\u00fcr die chemische, medizinische und Prozessindustrie erforderlich sind. Wir bearbeiten verschiedene Materialarten, wobei \u00fcberwiegend rostfreier Stahl, Aluminium, Kohlenstoffstahl, Messing, Kupfer, Kunststoff sowie spezielle St\u00e4hle wie Titan, Inconel, Hastelloy und [&hellip;]<\/p>\n","protected":false},"author":1,"featured_media":0,"parent":0,"menu_order":0,"comment_status":"closed","ping_status":"closed","template":"elementor_header_footer","meta":{"footnotes":""},"class_list":["post-1797","page","type-page","status-publish","hentry"],"yoast_head":"<!-- This site is optimized with the Yoast SEO plugin v24.7 - https:\/\/yoast.com\/wordpress\/plugins\/seo\/ -->\n<title>Produktion - OMP - Obrada Metala Ple\u0161ko<\/title>\n<meta name=\"robots\" content=\"index, follow, max-snippet:-1, max-image-preview:large, max-video-preview:-1\" \/>\n<link rel=\"canonical\" href=\"https:\/\/omp.hr\/de\/produktion\/\" \/>\n<meta property=\"og:locale\" content=\"de_DE\" \/>\n<meta property=\"og:type\" content=\"article\" \/>\n<meta property=\"og:title\" content=\"Produktion - OMP - Obrada Metala Ple\u0161ko\" \/>\n<meta property=\"og:description\" content=\"Produktion Unsere Produktion basiert auf Auftr\u00e4gen f\u00fcr spezielle Produkte, die f\u00fcr bekannte Kunden angefertigt werden. Das Sortiment umfasst mehrere Tausend verschiedene, meist nicht standardisierte Metallprodukte, die f\u00fcr die chemische, medizinische und Prozessindustrie erforderlich sind. Wir bearbeiten verschiedene Materialarten, wobei \u00fcberwiegend rostfreier Stahl, Aluminium, Kohlenstoffstahl, Messing, Kupfer, Kunststoff sowie spezielle St\u00e4hle wie Titan, Inconel, Hastelloy und [&hellip;]\" \/>\n<meta property=\"og:url\" content=\"https:\/\/omp.hr\/de\/produktion\/\" \/>\n<meta property=\"og:site_name\" content=\"OMP - Obrada Metala Ple\u0161ko\" \/>\n<meta property=\"article:modified_time\" content=\"2025-01-27T13:40:59+00:00\" \/>\n<meta property=\"og:image\" content=\"https:\/\/omp.hr\/wp-content\/uploads\/2025\/01\/DJI_0606-scaled.jpg\" \/>\n\t<meta property=\"og:image:width\" content=\"2560\" \/>\n\t<meta property=\"og:image:height\" content=\"1463\" \/>\n\t<meta property=\"og:image:type\" content=\"image\/jpeg\" \/>\n<meta name=\"twitter:card\" content=\"summary_large_image\" \/>\n<meta name=\"twitter:label1\" content=\"Gesch\u00e4tzte Lesezeit\" \/>\n\t<meta name=\"twitter:data1\" content=\"2\u00a0Minuten\" \/>\n<script type=\"application\/ld+json\" class=\"yoast-schema-graph\">{\"@context\":\"https:\/\/schema.org\",\"@graph\":[{\"@type\":\"WebPage\",\"@id\":\"https:\/\/omp.hr\/de\/produktion\/\",\"url\":\"https:\/\/omp.hr\/de\/produktion\/\",\"name\":\"Produktion - OMP - Obrada Metala Ple\u0161ko\",\"isPartOf\":{\"@id\":\"https:\/\/omp.hr\/#website\"},\"primaryImageOfPage\":{\"@id\":\"https:\/\/omp.hr\/de\/produktion\/#primaryimage\"},\"image\":{\"@id\":\"https:\/\/omp.hr\/de\/produktion\/#primaryimage\"},\"thumbnailUrl\":\"https:\/\/omp.hr\/wp-content\/uploads\/2025\/01\/DJI_0606-1024x585.jpg\",\"datePublished\":\"2025-01-27T13:39:40+00:00\",\"dateModified\":\"2025-01-27T13:40:59+00:00\",\"breadcrumb\":{\"@id\":\"https:\/\/omp.hr\/de\/produktion\/#breadcrumb\"},\"inLanguage\":\"de\",\"potentialAction\":[{\"@type\":\"ReadAction\",\"target\":[\"https:\/\/omp.hr\/de\/produktion\/\"]}]},{\"@type\":\"ImageObject\",\"inLanguage\":\"de\",\"@id\":\"https:\/\/omp.hr\/de\/produktion\/#primaryimage\",\"url\":\"https:\/\/omp.hr\/wp-content\/uploads\/2025\/01\/DJI_0606-1024x585.jpg\",\"contentUrl\":\"https:\/\/omp.hr\/wp-content\/uploads\/2025\/01\/DJI_0606-1024x585.jpg\"},{\"@type\":\"BreadcrumbList\",\"@id\":\"https:\/\/omp.hr\/de\/produktion\/#breadcrumb\",\"itemListElement\":[{\"@type\":\"ListItem\",\"position\":1,\"name\":\"Po\u010detna stranica\",\"item\":\"https:\/\/omp.hr\/de\/\"},{\"@type\":\"ListItem\",\"position\":2,\"name\":\"Produktion\"}]},{\"@type\":\"WebSite\",\"@id\":\"https:\/\/omp.hr\/#website\",\"url\":\"https:\/\/omp.hr\/\",\"name\":\"OMP - Obrada Metala Ple\u0161ko\",\"description\":\"\",\"publisher\":{\"@id\":\"https:\/\/omp.hr\/#organization\"},\"potentialAction\":[{\"@type\":\"SearchAction\",\"target\":{\"@type\":\"EntryPoint\",\"urlTemplate\":\"https:\/\/omp.hr\/?s={search_term_string}\"},\"query-input\":{\"@type\":\"PropertyValueSpecification\",\"valueRequired\":true,\"valueName\":\"search_term_string\"}}],\"inLanguage\":\"de\"},{\"@type\":\"Organization\",\"@id\":\"https:\/\/omp.hr\/#organization\",\"name\":\"OMP - Obrada Metala Ple\u0161ko\",\"url\":\"https:\/\/omp.hr\/\",\"logo\":{\"@type\":\"ImageObject\",\"inLanguage\":\"de\",\"@id\":\"https:\/\/omp.hr\/#\/schema\/logo\/image\/\",\"url\":\"https:\/\/omp.hr\/wp-content\/uploads\/2021\/04\/omp_logo-svg.png\",\"contentUrl\":\"https:\/\/omp.hr\/wp-content\/uploads\/2021\/04\/omp_logo-svg.png\",\"width\":241,\"height\":115,\"caption\":\"OMP - Obrada Metala Ple\u0161ko\"},\"image\":{\"@id\":\"https:\/\/omp.hr\/#\/schema\/logo\/image\/\"}}]}<\/script>\n<!-- \/ Yoast SEO plugin. -->","yoast_head_json":{"title":"Produktion - OMP - Obrada Metala Ple\u0161ko","robots":{"index":"index","follow":"follow","max-snippet":"max-snippet:-1","max-image-preview":"max-image-preview:large","max-video-preview":"max-video-preview:-1"},"canonical":"https:\/\/omp.hr\/de\/produktion\/","og_locale":"de_DE","og_type":"article","og_title":"Produktion - OMP - Obrada Metala Ple\u0161ko","og_description":"Produktion Unsere Produktion basiert auf Auftr\u00e4gen f\u00fcr spezielle Produkte, die f\u00fcr bekannte Kunden angefertigt werden. Das Sortiment umfasst mehrere Tausend verschiedene, meist nicht standardisierte Metallprodukte, die f\u00fcr die chemische, medizinische und Prozessindustrie erforderlich sind. Wir bearbeiten verschiedene Materialarten, wobei \u00fcberwiegend rostfreier Stahl, Aluminium, Kohlenstoffstahl, Messing, Kupfer, Kunststoff sowie spezielle St\u00e4hle wie Titan, Inconel, Hastelloy und [&hellip;]","og_url":"https:\/\/omp.hr\/de\/produktion\/","og_site_name":"OMP - Obrada Metala Ple\u0161ko","article_modified_time":"2025-01-27T13:40:59+00:00","og_image":[{"width":2560,"height":1463,"url":"https:\/\/omp.hr\/wp-content\/uploads\/2025\/01\/DJI_0606-scaled.jpg","type":"image\/jpeg"}],"twitter_card":"summary_large_image","twitter_misc":{"Gesch\u00e4tzte Lesezeit":"2\u00a0Minuten"},"schema":{"@context":"https:\/\/schema.org","@graph":[{"@type":"WebPage","@id":"https:\/\/omp.hr\/de\/produktion\/","url":"https:\/\/omp.hr\/de\/produktion\/","name":"Produktion - OMP - Obrada Metala Ple\u0161ko","isPartOf":{"@id":"https:\/\/omp.hr\/#website"},"primaryImageOfPage":{"@id":"https:\/\/omp.hr\/de\/produktion\/#primaryimage"},"image":{"@id":"https:\/\/omp.hr\/de\/produktion\/#primaryimage"},"thumbnailUrl":"https:\/\/omp.hr\/wp-content\/uploads\/2025\/01\/DJI_0606-1024x585.jpg","datePublished":"2025-01-27T13:39:40+00:00","dateModified":"2025-01-27T13:40:59+00:00","breadcrumb":{"@id":"https:\/\/omp.hr\/de\/produktion\/#breadcrumb"},"inLanguage":"de","potentialAction":[{"@type":"ReadAction","target":["https:\/\/omp.hr\/de\/produktion\/"]}]},{"@type":"ImageObject","inLanguage":"de","@id":"https:\/\/omp.hr\/de\/produktion\/#primaryimage","url":"https:\/\/omp.hr\/wp-content\/uploads\/2025\/01\/DJI_0606-1024x585.jpg","contentUrl":"https:\/\/omp.hr\/wp-content\/uploads\/2025\/01\/DJI_0606-1024x585.jpg"},{"@type":"BreadcrumbList","@id":"https:\/\/omp.hr\/de\/produktion\/#breadcrumb","itemListElement":[{"@type":"ListItem","position":1,"name":"Po\u010detna stranica","item":"https:\/\/omp.hr\/de\/"},{"@type":"ListItem","position":2,"name":"Produktion"}]},{"@type":"WebSite","@id":"https:\/\/omp.hr\/#website","url":"https:\/\/omp.hr\/","name":"OMP - Obrada Metala Ple\u0161ko","description":"","publisher":{"@id":"https:\/\/omp.hr\/#organization"},"potentialAction":[{"@type":"SearchAction","target":{"@type":"EntryPoint","urlTemplate":"https:\/\/omp.hr\/?s={search_term_string}"},"query-input":{"@type":"PropertyValueSpecification","valueRequired":true,"valueName":"search_term_string"}}],"inLanguage":"de"},{"@type":"Organization","@id":"https:\/\/omp.hr\/#organization","name":"OMP - Obrada Metala Ple\u0161ko","url":"https:\/\/omp.hr\/","logo":{"@type":"ImageObject","inLanguage":"de","@id":"https:\/\/omp.hr\/#\/schema\/logo\/image\/","url":"https:\/\/omp.hr\/wp-content\/uploads\/2021\/04\/omp_logo-svg.png","contentUrl":"https:\/\/omp.hr\/wp-content\/uploads\/2021\/04\/omp_logo-svg.png","width":241,"height":115,"caption":"OMP - Obrada Metala Ple\u0161ko"},"image":{"@id":"https:\/\/omp.hr\/#\/schema\/logo\/image\/"}}]}},"jetpack_sharing_enabled":true,"_links":{"self":[{"href":"https:\/\/omp.hr\/de\/wp-json\/wp\/v2\/pages\/1797","targetHints":{"allow":["GET"]}}],"collection":[{"href":"https:\/\/omp.hr\/de\/wp-json\/wp\/v2\/pages"}],"about":[{"href":"https:\/\/omp.hr\/de\/wp-json\/wp\/v2\/types\/page"}],"author":[{"embeddable":true,"href":"https:\/\/omp.hr\/de\/wp-json\/wp\/v2\/users\/1"}],"replies":[{"embeddable":true,"href":"https:\/\/omp.hr\/de\/wp-json\/wp\/v2\/comments?post=1797"}],"version-history":[{"count":4,"href":"https:\/\/omp.hr\/de\/wp-json\/wp\/v2\/pages\/1797\/revisions"}],"predecessor-version":[{"id":1801,"href":"https:\/\/omp.hr\/de\/wp-json\/wp\/v2\/pages\/1797\/revisions\/1801"}],"wp:attachment":[{"href":"https:\/\/omp.hr\/de\/wp-json\/wp\/v2\/media?parent=1797"}],"curies":[{"name":"wp","href":"https:\/\/api.w.org\/{rel}","templated":true}]}}