{"id":1819,"date":"2025-01-27T18:00:14","date_gmt":"2025-01-27T17:00:14","guid":{"rendered":"https:\/\/omp.hr\/datenschutzrichtlinien\/"},"modified":"2025-01-27T18:00:14","modified_gmt":"2025-01-27T17:00:14","slug":"datenschutzrichtlinien","status":"publish","type":"page","link":"https:\/\/omp.hr\/de\/datenschutzrichtlinien\/","title":{"rendered":"Datenschutzrichtlinien"},"content":{"rendered":"\t\t<div data-elementor-type=\"wp-page\" data-elementor-id=\"1819\" class=\"elementor elementor-1819 elementor-3\" data-elementor-post-type=\"page\">\n\t\t\t\t\t\t<section class=\"elementor-section elementor-top-section elementor-element elementor-element-472a824a elementor-section-boxed elementor-section-height-default elementor-section-height-default\" data-id=\"472a824a\" data-element_type=\"section\">\n\t\t\t\t\t\t<div class=\"elementor-container elementor-column-gap-wider\">\n\t\t\t\t\t<div class=\"elementor-column elementor-col-100 elementor-top-column elementor-element elementor-element-6f496fef\" data-id=\"6f496fef\" data-element_type=\"column\">\n\t\t\t<div class=\"elementor-widget-wrap elementor-element-populated\">\n\t\t\t\t\t\t<div class=\"elementor-element elementor-element-4a4f8eb9 de_scroll_animation_no elementor-widget elementor-widget-heading\" data-id=\"4a4f8eb9\" data-element_type=\"widget\" data-widget_type=\"heading.default\">\n\t\t\t\t<div class=\"elementor-widget-container\">\n\t\t\t\t\t<h2 class=\"elementor-heading-title elementor-size-default\">Datenschutzrichtlinien<\/h2>\t\t\t\t<\/div>\n\t\t\t\t<\/div>\n\t\t\t\t<div class=\"elementor-element elementor-element-14f8aa7 de_scroll_animation_no elementor-widget elementor-widget-text-editor\" data-id=\"14f8aa7\" data-element_type=\"widget\" data-widget_type=\"text-editor.default\">\n\t\t\t\t<div class=\"elementor-widget-container\">\n\t\t\t\t\t\t\t\t\t<p><strong>DATEN, DIE WIR ERHEBEN <\/strong><br \/>Der Zugang zur Webseite omp.hr ist frei und erfordert keine Registrierung. Durch die Kontaktaufnahme \u00fcber Kontaktformulare oder E-Mail geben Sie Ihre Daten an. Diese Daten sind ausschlie\u00dflich der Webseite omp.hr zug\u00e4nglich, an die sie gerichtet sind, um Ihre Anfrage zu bearbeiten. Die Bereitstellung Ihrer pers\u00f6nlichen Daten ist freiwillig. Wir verarbeiten keine pers\u00f6nlichen Daten, die \u00fcber das hinausgehen, was zur Beantwortung Ihrer Anfrage erforderlich ist.    <\/p>\n<p><strong>SCHUTZ IHRER PERSONENBEZOGENEN DATEN <\/strong> <br \/>Die Webseite omp.hr respektiert Ihre Privatsph\u00e4re und verarbeitet Ihre pers\u00f6nlichen Daten fair und gesetzeskonform. Wir speichern Ihre pers\u00f6nlichen Daten in elektronischer Form und wenden zum Schutz angemessene technische und organisatorische Ma\u00dfnahmen sowie Verfahren an, um zu verhindern, dass unbefugter Zugriff auf Ihre pers\u00f6nlichen Daten erfolgt. <\/p>\n<p><strong>COOKIES <\/strong><br \/>Die Webseite www.omp.hr verwendet sogenannte Cookies, um dem Benutzer einen Service mit vollst\u00e4ndigen Funktionen und hochwertigem Inhalt zu bieten. Cookies sind Datens\u00e4tze, die vom Server der Webseite generiert und vom Webbrowser auf der Festplatte des Benutzers in Form einer kleinen Textdatei gespeichert werden. Wir bem\u00fchen uns st\u00e4ndig, unseren Nutzern das bestm\u00f6gliche Nutzererlebnis zu bieten, und es ist wichtig zu erw\u00e4hnen, dass unsere Webseiten nur dann optimal funktionieren, wenn Cookies aktiviert sind. Um \u201eCookies\u201c gem\u00e4\u00df dem Gesetz \u00fcber elektronische Kommunikation, dem Gesetz zum Schutz personenbezogener Daten und den EU-Richtlinien zu verwenden, ben\u00f6tigen wir Ihre Zustimmung. Durch die Nutzung dieser Webseite geben Sie Ihre Zustimmung zur Verwendung von Cookies. Wenn Sie Cookies blockieren, k\u00f6nnen Sie weiterhin die Seite durchsuchen, aber einige ihrer Funktionen stehen Ihnen m\u00f6glicherweise nicht zur Verf\u00fcgung.      <\/p>\n<p><strong>EINGEBETTETE INHALTE VON ANDEREN WEBSITES<\/strong> <br \/>Artikel auf dieser Website k\u00f6nnen eingebettete Inhalte enthalten (z. B. Videos, Bilder, Artikel usw.). Eingebettete Inhalte von anderen Websites verhalten sich genauso, als ob der Besucher die andere Website direkt besucht h\u00e4tte. <\/p>\n<p><strong>SCHUTZMASSNAHMEN<\/strong><br \/>Die Webseite omp.hr verwendet technologische und sicherheitsrelevante Ma\u00dfnahmen, Richtlinien und Verfahren zum Schutz der pers\u00f6nlichen Daten der Nutzer vor unbefugtem Zugriff, Missbrauch, Offenlegung, Verlust oder Zerst\u00f6rung. Zum Schutz der Vertraulichkeit der Nutzerdaten auf der Seite verwenden wir branchen\u00fcbliche Schutzma\u00dfnahmen wie Firewalls und Passwortschutz. Der Nutzer ist jedoch daf\u00fcr verantwortlich, sicherzustellen, dass auch das verwendete Ger\u00e4t sicher und vor sch\u00e4dlicher Software wie Trojanern, Computerviren und W\u00fcrmern gesch\u00fctzt ist. Der Nutzer der Webseite ist sich bewusst, dass ohne angemessene Sicherheitsma\u00dfnahmen (z. B. sichere Konfiguration des Internetbrowsers, aktualisierte Antivirenprogramme, pers\u00f6nliche Firewall-Programme, die Vermeidung von Programmen aus unsicheren Quellen) das Risiko besteht, dass Daten und Passw\u00f6rter, die zum Schutz pers\u00f6nlicher Daten verwendet werden, von unbefugten Dritten aufgedeckt werden k\u00f6nnten.   <\/p>\n<p><strong>SERVERSTATISTIKEN <\/strong><br \/>Diese Website verwendet das Jetpack-Plugin zur Messung der Besucherstatistiken.<\/p>\n<p><strong>HAFTUNGSAUSSCHLUSS <\/strong><br \/>Obwohl wir alle verf\u00fcgbaren technischen und organisatorischen Ma\u00dfnahmen ergreifen, um die unbefugte Offenlegung Ihrer personenbezogenen Daten zu verhindern, k\u00f6nnen wir nicht garantieren, dass einige der personenbezogenen Daten, die wir sammeln, niemals zuf\u00e4llig offengelegt werden, entgegen den Bestimmungen dieser Datenschutzrichtlinie. Im gr\u00f6\u00dftm\u00f6glichen gesetzlich zul\u00e4ssigen Umfang schlie\u00dfen wir jegliche Haftung f\u00fcr Sch\u00e4den aus, die Nutzern oder Dritten durch eine zuf\u00e4llige Offenlegung personenbezogener Daten entstehen. <\/p>\n\t\t\t\t\t\t\t\t<\/div>\n\t\t\t\t<\/div>\n\t\t\t\t\t<\/div>\n\t\t<\/div>\n\t\t\t\t\t<\/div>\n\t\t<\/section>\n\t\t\t\t<\/div>\n\t\t","protected":false},"excerpt":{"rendered":"<p>Datenschutzrichtlinien DATEN, DIE WIR ERHEBEN Der Zugang zur Webseite omp.hr ist frei und erfordert keine Registrierung. Durch die Kontaktaufnahme \u00fcber Kontaktformulare oder E-Mail geben Sie Ihre Daten an. Diese Daten sind ausschlie\u00dflich der Webseite omp.hr zug\u00e4nglich, an die sie gerichtet sind, um Ihre Anfrage zu bearbeiten. Die Bereitstellung Ihrer pers\u00f6nlichen Daten ist freiwillig. Wir verarbeiten [&hellip;]<\/p>\n","protected":false},"author":1,"featured_media":0,"parent":0,"menu_order":0,"comment_status":"closed","ping_status":"closed","template":"","meta":{"footnotes":""},"class_list":["post-1819","page","type-page","status-publish","hentry"],"yoast_head":"<!-- This site is optimized with the Yoast SEO plugin v24.7 - https:\/\/yoast.com\/wordpress\/plugins\/seo\/ -->\n<title>Datenschutzrichtlinien - OMP - Obrada Metala Ple\u0161ko<\/title>\n<meta name=\"robots\" content=\"index, follow, max-snippet:-1, max-image-preview:large, max-video-preview:-1\" \/>\n<link rel=\"canonical\" href=\"https:\/\/omp.hr\/de\/datenschutzrichtlinien\/\" \/>\n<meta property=\"og:locale\" content=\"de_DE\" \/>\n<meta property=\"og:type\" content=\"article\" \/>\n<meta property=\"og:title\" content=\"Datenschutzrichtlinien - OMP - Obrada Metala Ple\u0161ko\" \/>\n<meta property=\"og:description\" content=\"Datenschutzrichtlinien DATEN, DIE WIR ERHEBEN Der Zugang zur Webseite omp.hr ist frei und erfordert keine Registrierung. Durch die Kontaktaufnahme \u00fcber Kontaktformulare oder E-Mail geben Sie Ihre Daten an. Diese Daten sind ausschlie\u00dflich der Webseite omp.hr zug\u00e4nglich, an die sie gerichtet sind, um Ihre Anfrage zu bearbeiten. Die Bereitstellung Ihrer pers\u00f6nlichen Daten ist freiwillig. Wir verarbeiten [&hellip;]\" \/>\n<meta property=\"og:url\" content=\"https:\/\/omp.hr\/de\/datenschutzrichtlinien\/\" \/>\n<meta property=\"og:site_name\" content=\"OMP - Obrada Metala Ple\u0161ko\" \/>\n<meta name=\"twitter:card\" content=\"summary_large_image\" \/>\n<meta name=\"twitter:label1\" content=\"Gesch\u00e4tzte Lesezeit\" \/>\n\t<meta name=\"twitter:data1\" content=\"3\u00a0Minuten\" \/>\n<script type=\"application\/ld+json\" class=\"yoast-schema-graph\">{\"@context\":\"https:\/\/schema.org\",\"@graph\":[{\"@type\":\"WebPage\",\"@id\":\"https:\/\/omp.hr\/de\/datenschutzrichtlinien\/\",\"url\":\"https:\/\/omp.hr\/de\/datenschutzrichtlinien\/\",\"name\":\"Datenschutzrichtlinien - OMP - Obrada Metala Ple\u0161ko\",\"isPartOf\":{\"@id\":\"https:\/\/omp.hr\/#website\"},\"datePublished\":\"2025-01-27T17:00:14+00:00\",\"breadcrumb\":{\"@id\":\"https:\/\/omp.hr\/de\/datenschutzrichtlinien\/#breadcrumb\"},\"inLanguage\":\"de\",\"potentialAction\":[{\"@type\":\"ReadAction\",\"target\":[\"https:\/\/omp.hr\/de\/datenschutzrichtlinien\/\"]}]},{\"@type\":\"BreadcrumbList\",\"@id\":\"https:\/\/omp.hr\/de\/datenschutzrichtlinien\/#breadcrumb\",\"itemListElement\":[{\"@type\":\"ListItem\",\"position\":1,\"name\":\"Po\u010detna stranica\",\"item\":\"https:\/\/omp.hr\/de\/\"},{\"@type\":\"ListItem\",\"position\":2,\"name\":\"Datenschutzrichtlinien\"}]},{\"@type\":\"WebSite\",\"@id\":\"https:\/\/omp.hr\/#website\",\"url\":\"https:\/\/omp.hr\/\",\"name\":\"OMP - Obrada Metala Ple\u0161ko\",\"description\":\"\",\"publisher\":{\"@id\":\"https:\/\/omp.hr\/#organization\"},\"potentialAction\":[{\"@type\":\"SearchAction\",\"target\":{\"@type\":\"EntryPoint\",\"urlTemplate\":\"https:\/\/omp.hr\/?s={search_term_string}\"},\"query-input\":{\"@type\":\"PropertyValueSpecification\",\"valueRequired\":true,\"valueName\":\"search_term_string\"}}],\"inLanguage\":\"de\"},{\"@type\":\"Organization\",\"@id\":\"https:\/\/omp.hr\/#organization\",\"name\":\"OMP - Obrada Metala Ple\u0161ko\",\"url\":\"https:\/\/omp.hr\/\",\"logo\":{\"@type\":\"ImageObject\",\"inLanguage\":\"de\",\"@id\":\"https:\/\/omp.hr\/#\/schema\/logo\/image\/\",\"url\":\"https:\/\/omp.hr\/wp-content\/uploads\/2021\/04\/omp_logo-svg.png\",\"contentUrl\":\"https:\/\/omp.hr\/wp-content\/uploads\/2021\/04\/omp_logo-svg.png\",\"width\":241,\"height\":115,\"caption\":\"OMP - Obrada Metala Ple\u0161ko\"},\"image\":{\"@id\":\"https:\/\/omp.hr\/#\/schema\/logo\/image\/\"}}]}<\/script>\n<!-- \/ Yoast SEO plugin. -->","yoast_head_json":{"title":"Datenschutzrichtlinien - OMP - Obrada Metala Ple\u0161ko","robots":{"index":"index","follow":"follow","max-snippet":"max-snippet:-1","max-image-preview":"max-image-preview:large","max-video-preview":"max-video-preview:-1"},"canonical":"https:\/\/omp.hr\/de\/datenschutzrichtlinien\/","og_locale":"de_DE","og_type":"article","og_title":"Datenschutzrichtlinien - OMP - Obrada Metala Ple\u0161ko","og_description":"Datenschutzrichtlinien DATEN, DIE WIR ERHEBEN Der Zugang zur Webseite omp.hr ist frei und erfordert keine Registrierung. Durch die Kontaktaufnahme \u00fcber Kontaktformulare oder E-Mail geben Sie Ihre Daten an. Diese Daten sind ausschlie\u00dflich der Webseite omp.hr zug\u00e4nglich, an die sie gerichtet sind, um Ihre Anfrage zu bearbeiten. Die Bereitstellung Ihrer pers\u00f6nlichen Daten ist freiwillig. Wir verarbeiten [&hellip;]","og_url":"https:\/\/omp.hr\/de\/datenschutzrichtlinien\/","og_site_name":"OMP - Obrada Metala Ple\u0161ko","twitter_card":"summary_large_image","twitter_misc":{"Gesch\u00e4tzte Lesezeit":"3\u00a0Minuten"},"schema":{"@context":"https:\/\/schema.org","@graph":[{"@type":"WebPage","@id":"https:\/\/omp.hr\/de\/datenschutzrichtlinien\/","url":"https:\/\/omp.hr\/de\/datenschutzrichtlinien\/","name":"Datenschutzrichtlinien - OMP - Obrada Metala Ple\u0161ko","isPartOf":{"@id":"https:\/\/omp.hr\/#website"},"datePublished":"2025-01-27T17:00:14+00:00","breadcrumb":{"@id":"https:\/\/omp.hr\/de\/datenschutzrichtlinien\/#breadcrumb"},"inLanguage":"de","potentialAction":[{"@type":"ReadAction","target":["https:\/\/omp.hr\/de\/datenschutzrichtlinien\/"]}]},{"@type":"BreadcrumbList","@id":"https:\/\/omp.hr\/de\/datenschutzrichtlinien\/#breadcrumb","itemListElement":[{"@type":"ListItem","position":1,"name":"Po\u010detna stranica","item":"https:\/\/omp.hr\/de\/"},{"@type":"ListItem","position":2,"name":"Datenschutzrichtlinien"}]},{"@type":"WebSite","@id":"https:\/\/omp.hr\/#website","url":"https:\/\/omp.hr\/","name":"OMP - Obrada Metala Ple\u0161ko","description":"","publisher":{"@id":"https:\/\/omp.hr\/#organization"},"potentialAction":[{"@type":"SearchAction","target":{"@type":"EntryPoint","urlTemplate":"https:\/\/omp.hr\/?s={search_term_string}"},"query-input":{"@type":"PropertyValueSpecification","valueRequired":true,"valueName":"search_term_string"}}],"inLanguage":"de"},{"@type":"Organization","@id":"https:\/\/omp.hr\/#organization","name":"OMP - Obrada Metala Ple\u0161ko","url":"https:\/\/omp.hr\/","logo":{"@type":"ImageObject","inLanguage":"de","@id":"https:\/\/omp.hr\/#\/schema\/logo\/image\/","url":"https:\/\/omp.hr\/wp-content\/uploads\/2021\/04\/omp_logo-svg.png","contentUrl":"https:\/\/omp.hr\/wp-content\/uploads\/2021\/04\/omp_logo-svg.png","width":241,"height":115,"caption":"OMP - Obrada Metala Ple\u0161ko"},"image":{"@id":"https:\/\/omp.hr\/#\/schema\/logo\/image\/"}}]}},"jetpack_sharing_enabled":true,"_links":{"self":[{"href":"https:\/\/omp.hr\/de\/wp-json\/wp\/v2\/pages\/1819","targetHints":{"allow":["GET"]}}],"collection":[{"href":"https:\/\/omp.hr\/de\/wp-json\/wp\/v2\/pages"}],"about":[{"href":"https:\/\/omp.hr\/de\/wp-json\/wp\/v2\/types\/page"}],"author":[{"embeddable":true,"href":"https:\/\/omp.hr\/de\/wp-json\/wp\/v2\/users\/1"}],"replies":[{"embeddable":true,"href":"https:\/\/omp.hr\/de\/wp-json\/wp\/v2\/comments?post=1819"}],"version-history":[{"count":1,"href":"https:\/\/omp.hr\/de\/wp-json\/wp\/v2\/pages\/1819\/revisions"}],"predecessor-version":[{"id":1820,"href":"https:\/\/omp.hr\/de\/wp-json\/wp\/v2\/pages\/1819\/revisions\/1820"}],"wp:attachment":[{"href":"https:\/\/omp.hr\/de\/wp-json\/wp\/v2\/media?parent=1819"}],"curies":[{"name":"wp","href":"https:\/\/api.w.org\/{rel}","templated":true}]}}